{"id":736,"date":"2019-07-18T13:21:52","date_gmt":"2019-07-18T11:21:52","guid":{"rendered":"http:\/\/www.gazlacrymo.fr\/?page_id=736"},"modified":"2019-07-18T13:21:52","modified_gmt":"2019-07-18T11:21:52","slug":"ce-que-nous-faisons","status":"publish","type":"page","link":"https:\/\/alexandersreng.duckdns.org\/lacrymo\/","title":{"rendered":"Ce que nous faisons"},"content":{"rendered":"\n<p>Mail : <a href=\"mailto:lacrymogene@protonmail.com\">lacrymogene@protonmail.com<\/a>                                                                    Tel: +33 6 01 93 20 41<\/p>\n\n\n\n<p>Mise \u00e0 jour du dossier sur les gaz lacrymog\u00e8nes le 26\/03\/22 : <a href=\"http:\/\/www.gazlacrymo.fr\/LACRYMOS2022.pdf\">T\u00e9l\u00e9charger le dossier complet ici<\/a><\/p>\n\n\n\n<p>Dossier sur <a href=\"https:\/\/gazlacrymo.fr\/OCassessment.pdf\">le gaz lacrymog\u00e8ne OC<\/a> en anglais, publi\u00e9 le 25\/09\/22.<\/p>\n\n\n\n<p>Dossier original a \u00e9t\u00e9 publi\u00e9 sur l&rsquo;<a href=\"https:\/\/www.atctoxicologie.fr\/actualites\/160-le-gaz-lacrymogene-cs-effets-toxiques-a-plus-ou-moins-long-terme.html\">Association Toxicologie-Chimie de Paris<\/a>.<\/p>\n\n\n\n<p class=\"has-text-align-left\">Si vous souhaitez nous aider :  <a href=\"https:\/\/www.lepotcommun.fr\/pot\/7mbrfzfd\">https:\/\/www.lepotcommun.fr\/pot\/7mbrfzfd<\/a><br \/>Egalement, nous avons besoin d&rsquo;un maximum de r\u00e9ponses \u00e0 ce <a href=\"https:\/\/parisouestpsy.eu.qualtrics.com\/jfe\/form\/SV_bPDZKlO7dTSKxHD\">SONDAGE<\/a> <\/p>\n\n\n\n<p>L&rsquo;avanc\u00e9e politique du sujet : <a href=\"https:\/\/www.gazlacrymo.fr\/2020\/10\/29\/question-au-gouvernement-a-lassemblee-nationale\/\">notre r\u00e9ponse<\/a> \u00e0 la r\u00e9ponse du Ministre de la Sant\u00e9 \u00e0 la <a href=\"http:\/\/questions.assemblee-nationale.fr\/q15\/15-31283QE.htm\">question pos\u00e9e au gouvernement<\/a>.<\/p>\n\n\n\n<figure class=\"wp-block-embed-youtube wp-block-embed is-type-video is-provider-youtube wp-embed-aspect-16-9 wp-has-aspect-ratio\"><div class=\"wp-block-embed__wrapper\">\n<iframe loading=\"lazy\" title=\"Du CYANURE dans les LACRYMOS ? Interview apr\u00e8s enqu\u00eate\" width=\"474\" height=\"267\" src=\"https:\/\/www.youtube.com\/embed\/IjkBvMxaE-4?feature=oembed\" frameborder=\"0\" allow=\"accelerometer; autoplay; clipboard-write; encrypted-media; gyroscope; picture-in-picture; web-share\" referrerpolicy=\"strict-origin-when-cross-origin\" allowfullscreen><\/iframe>\n<\/div><\/figure>\n\n\n\n<figure class=\"wp-block-embed-youtube wp-block-embed is-type-video is-provider-youtube wp-embed-aspect-16-9 wp-has-aspect-ratio\"><div class=\"wp-block-embed__wrapper\">\n<iframe loading=\"lazy\" title=\"GAZ LACRYMOG\u00c8NE : UN SCIENTIFIQUE SONNE L&#039;ALERTE\" width=\"474\" height=\"267\" src=\"https:\/\/www.youtube.com\/embed\/srTONzjxLb4?feature=oembed\" frameborder=\"0\" allow=\"accelerometer; autoplay; clipboard-write; encrypted-media; gyroscope; picture-in-picture; web-share\" referrerpolicy=\"strict-origin-when-cross-origin\" allowfullscreen><\/iframe>\n<\/div><\/figure>\n\n\n\n<p>Nous apportons modestement notre savoir-faire sur ce probl\u00e8me de sant\u00e9 publique :<\/p>\n\n\n\n<ul class=\"wp-block-list\"><li>Analyses sur le terrain pour caract\u00e9riser l&rsquo;intoxication au cyanure<\/li><\/ul>\n\n\n\n<p class=\"has-text-align-left\">Explications par <a href=\"https:\/\/www.facebook.com\/julien.chaize1\">Julien<\/a> : <a href=\"http:\/\/www.gazlacrymo.fr\/2019\/07\/03\/ca-tire\/\">\u00e7a tire<\/a>, <a href=\"http:\/\/www.gazlacrymo.fr\/2019\/06\/23\/ca-gaz\/\">\u00e7a gaz 1,<\/a> <a href=\"http:\/\/www.gazlacrymo.fr\/2019\/06\/23\/ca-gaz-2-julien-chaize\/\">\u00e7a gaz 2<\/a>, <a href=\"http:\/\/www.gazlacrymo.fr\/2019\/06\/22\/ca-gaz-3\/\">\u00e7a gaz 3<\/a> et <a href=\"http:\/\/www.gazlacrymo.fr\/2019\/07\/08\/douche-portative-6-litres-eurofeu-gs-006-edp\/\">\u00e0 la douche !<\/a><\/p>\n\n\n\n<p>Autres sources : <a href=\"http:\/\/maintiendelordre.fr\/\">Un super site sur l&rsquo;armement par Maxime Reyni\u00e9<\/a> , <a href=\"https:\/\/desarmons.net\/\">d\u00e9sarmons-les<\/a><\/p>\n\n\n\n<p class=\"has-text-align-left\">Information et pr\u00e9vention : <a href=\"https:\/\/www.gazlacrymo.fr\/2019\/09\/29\/conference-aout-2019\/\">conf\u00e9rence Ao\u00fbt<\/a>, <a href=\"https:\/\/www.gazlacrymo.fr\/2019\/09\/29\/explication-sur-lutilisation-du-cyanokit-de-cyanoguard\/\">analyses cyanoguard<\/a>, <a href=\"http:\/\/www.gazlacrymo.fr\/2019\/07\/23\/centre-pour-la-promotion-de-la-sante-et-la-medecine-preventive-de-larmee-americaine-us-army\/\">arm\u00e9e am\u00e9ricaine<\/a>, <a href=\"http:\/\/www.gazlacrymo.fr\/2019\/06\/23\/explications-du-20-avril-a-paris\/\">en manif<\/a>, <a href=\"http:\/\/www.gazlacrymo.fr\/2019\/06\/23\/fly-rider-explique-les-gaz-cs\/\">par le biais de fly<\/a>&#8230;<\/p>\n\n\n\n<p class=\"has-text-align-left\">Les travaux sur les <a href=\"http:\/\/www.gazlacrymo.fr\/2019\/07\/08\/les-conduites-a-tenir\/\">conduites \u00e0 tenir<\/a> : <a href=\"http:\/\/www.gazlacrymo.fr\/2019\/07\/08\/conduites-a-tenir-manifestations\/\">CAT manifestation<\/a>, <a href=\"http:\/\/www.gazlacrymo.fr\/2019\/07\/08\/conduites-a-tenir-en-cas-darrestation\/\">CAT arrestation<\/a>, <a href=\"http:\/\/www.gazlacrymo.fr\/2019\/07\/08\/conduite-a-tenir-intoxication-apres-inhalation-de-gaz-lacrymogenes\/\">CAT post-exposition aux gaz<\/a>, <a href=\"http:\/\/www.gazlacrymo.fr\/2019\/07\/08\/protection-contre-les-gaz\/\">protection contre les gaz<\/a>, <a href=\"http:\/\/www.gazlacrymo.fr\/2019\/07\/08\/douche-portative-6-litres-eurofeu-gs-006-edp\/\">douche portative 6l verte<\/a>, <a href=\"https:\/\/www.gazlacrymo.fr\/2019\/12\/30\/fabriquer-un-systeme-respiratoire-de-fortune\/\">tuto de fabrication<\/a><\/p>\n\n\n\n<p class=\"has-text-align-left\"><a href=\"http:\/\/www.gazlacrymo.fr\/2019\/06\/24\/planches-explicatives\/\">Planches explicatives sur les analyses<\/a> et <a href=\"http:\/\/www.gazlacrymo.fr\/2019\/06\/24\/plaquette-comparative-france-monde\/\">la biblio<\/a>, et <a href=\"http:\/\/www.gazlacrymo.fr\/2019\/06\/24\/communique-sur-la-coordination-1ers-secours\/\">communiqu\u00e9 concernant les diffamations<\/a><\/p>\n\n\n\n<p class=\"has-text-align-left\">Sans oublier les r\u00e9sultats r\u00e9colt\u00e9s et obtenus :<\/p>\n\n\n\n<p class=\"has-text-align-left\">Thiocyanates urinaires : <a href=\"http:\/\/www.gazlacrymo.fr\/2019\/06\/23\/resultats-rendus-publics-diana\/\">31,4 mg\/l<\/a>, <a href=\"http:\/\/www.gazlacrymo.fr\/2019\/06\/23\/resultats-mai\/\">16,8 mg\/l<\/a>, <a href=\"http:\/\/www.gazlacrymo.fr\/2019\/06\/26\/resultat-thiocyanate-346-mg-l-urinaire\/\">34,6 mg\/l<\/a>, <a href=\"http:\/\/www.gazlacrymo.fr\/2019\/06\/26\/resultat-136-mg-l-urinaire\/\">13,6 mg\/l<\/a>, <a href=\"https:\/\/www.gazlacrymo.fr\/2019\/12\/21\/le-media-independant-594-mg-l\/\">59,4 mg\/l<\/a><\/p>\n\n\n\n<p class=\"has-text-align-left\">Thiocyanates s\u00e9riques : <a href=\"http:\/\/www.gazlacrymo.fr\/2019\/06\/26\/thiocyanates-seriques-159-mg-l\/\">15,9 mg\/l<\/a><\/p>\n\n\n\n<p class=\"has-text-align-left\">Cyanure : <a href=\"http:\/\/www.gazlacrymo.fr\/2019\/06\/23\/resultat-de-fly-rider-1er-mai\/\">Fly Rider<\/a>, <a href=\"http:\/\/www.gazlacrymo.fr\/2019\/06\/23\/lab-block-sur-le-terrain-1er-mai\/\">le lab block en action<\/a><\/p>\n\n\n\n<ul class=\"wp-block-list\"><li>Travail de bibliographie scientifique pour caract\u00e9riser et \u00e9tablir les dangers du gaz CS :<\/li><\/ul>\n\n\n\n<p class=\"has-text-align-left\"><a href=\"http:\/\/www.gazlacrymo.fr\/2019\/06\/26\/biochimie-et-metabolisme-du-gaz-cs\/\">M\u00e9tabolisme du gaz CS<\/a><\/p>\n\n\n\n<p class=\"has-text-align-left\"><a href=\"http:\/\/www.gazlacrymo.fr\/2019\/06\/25\/les-effets-directs-du-gaz\/\">Les effets directs du gaz <\/a>   &#8211; <a href=\"http:\/\/www.gazlacrymo.fr\/2019\/07\/05\/oeil-et-gaz-toxiques\/\">confirm\u00e9s par la clinique de la vision<\/a><\/p>\n\n\n\n<p class=\"has-text-align-left\"><a href=\"http:\/\/www.gazlacrymo.fr\/2019\/06\/26\/effets-indirects-du-gazage-cs\/\">Les effets indirects du gaz<\/a><\/p>\n\n\n\n<p class=\"has-text-align-left\"><a href=\"http:\/\/www.gazlacrymo.fr\/2019\/07\/08\/les-thiocyanates\/\">Effets des thiocyanates<\/a> et <a href=\"http:\/\/www.gazlacrymo.fr\/2019\/07\/08\/pourquoi-effectuer-une-analyse-thyroidienne-vit-b12\/\">analyses \u00e0 faire \u00e0 ce sujet<\/a><\/p>\n\n\n\n<p><a href=\"https:\/\/www.gazlacrymo.fr\/2019\/12\/31\/effets-sur-les-animaux\/\">Effets sur les animaux<\/a><\/p>\n\n\n\n<p class=\"has-text-align-left\">Les sympt\u00f4mes nouveaux comme : <a href=\"http:\/\/www.gazlacrymo.fr\/2019\/06\/25\/regles-abondantes\/\">r\u00e8gles abondantes<\/a>, <a href=\"http:\/\/www.gazlacrymo.fr\/2019\/06\/27\/sterilets-en-cuivre\/\">st\u00e9rilets en cuivre<\/a>, <a href=\"http:\/\/www.gazlacrymo.fr\/2019\/07\/01\/fatigue-extreme\/\">fatigue extr\u00eame<\/a>, <a href=\"http:\/\/www.gazlacrymo.fr\/2019\/07\/05\/diarrhees-et-troubles-digestifs\/\">diarrh\u00e9es, probl\u00e8mes intestinaux<\/a>, <a href=\"http:\/\/www.gazlacrymo.fr\/2019\/07\/03\/cerveau-foie-reins\/\">cerveau, foie et reins<\/a>, <a href=\"http:\/\/www.gazlacrymo.fr\/2019\/07\/04\/problemes-ophtalmologiques-yeux\/\">probl\u00e8mes ophtalmologiques (yeux)<\/a>, <a href=\"http:\/\/www.gazlacrymo.fr\/2019\/07\/04\/perte-de-poids\/\">perte de poids<\/a><\/p>\n\n\n\n<ul class=\"wp-block-list\"><li>Travail de bibliographie m\u00e9diatique concernant diff\u00e9rents gazages<\/li><\/ul>\n\n\n\n<p class=\"has-text-align-left\">France &#8211; Gilets Jaunes : <a href=\"http:\/\/www.gazlacrymo.fr\/2019\/06\/23\/gaz-lacrymogene-montpellier-suffoque\/\">Montpellier<\/a>,  <a href=\"http:\/\/www.gazlacrymo.fr\/2019\/06\/23\/des-tranchees-de-1914-a-notre-dame-des-landes-gaz-lacrymogene-des-larmes-en-or\/\">Monde diplomatique<\/a>,  <a href=\"http:\/\/www.gazlacrymo.fr\/2019\/06\/24\/prevoyant-le-gouvernement-commande-des-grenades-lacrymo-pour-4-ans\/\">Provisions<\/a>, <a href=\"http:\/\/www.gazlacrymo.fr\/2019\/06\/24\/les-armes-temoignage-sur-les-gaz-lacrymogenes-cs\/\">t\u00e9moignage<\/a>, <a href=\"http:\/\/www.gazlacrymo.fr\/2019\/06\/24\/pourquoi-faut-il-interdire-les-gaz-lacrymogene\/\">regards<\/a>, <a href=\"http:\/\/www.gazlacrymo.fr\/2019\/06\/24\/gaz-lacrymogenes-une-question-de-sante-publique-que-le-gouvernement-et-les-fabricants-passent-sous-silence\/\">wikistrike<\/a>, <a href=\"http:\/\/www.gazlacrymo.fr\/2019\/06\/24\/les-gaz-lacrymogenes-dangereux-pour-la-sante-mais-silence-detat\/\">reporterre<\/a>, <a href=\"http:\/\/www.gazlacrymo.fr\/2019\/06\/24\/armes-chimiques-les-gaz-lacrymogenes-utilises-par-le-regime-macron-interdits-par-la-convention-de-geneve\/\">initiative communiste<\/a>, <a href=\"http:\/\/www.gazlacrymo.fr\/2019\/06\/25\/354\/\">ZAD<\/a>, <a href=\"https:\/\/www.facebook.com\/desarmons2012\/posts\/2565610230135502?hc_location=ufi\">D\u00e9sarmons-les<\/a>, <a href=\"http:\/\/www.gazlacrymo.fr\/2019\/06\/26\/nddl-pour-le-maire-il-est-hors-de-question-davoir-des-habitats-en-zone-humide\/\">NDDL <\/a>, <a href=\"http:\/\/www.gazlacrymo.fr\/2019\/07\/04\/le-media-armes-chimiques\/\">Armes chimiques Le M\u00e9dia<\/a>, <a href=\"http:\/\/www.gazlacrymo.fr\/2019\/07\/16\/violences-policieres-et-gaz-lacrymogene-50-ans-quon-parle-de-linterdire\/\">mai68<\/a>, <a href=\"https:\/\/tantquilyauradesbouilles.wordpress.com\/ressources\/sur-les-violences-policieres\/\">ZAD2<\/a><\/p>\n\n\n\n<p class=\"has-text-align-left\">France &#8211; Cyanure : <a href=\"http:\/\/www.gazlacrymo.fr\/2019\/06\/23\/gj-magazine-lci-se-reveille\/\">GJMagazine<\/a>, <a href=\"http:\/\/www.gazlacrymo.fr\/2019\/06\/23\/lci\/\">LCI<\/a>, <a href=\"http:\/\/www.gazlacrymo.fr\/2019\/06\/24\/effets-persistants-rumeurs-de-cyanure-les-gaz-lacrymo-utilises-contre-les-manifestants-inquietent\/\">Lib\u00e9ration<\/a>, <a href=\"http:\/\/www.gazlacrymo.fr\/2019\/06\/24\/dechainement-mediatique-autour-des-prises-de-sang-merci-au-serieux-de-lafp\/\">Revue de presse compl\u00e8te (suite \u00e0 diffamation AFP)<\/a><\/p>\n\n\n\n<p>France &#8211; Alexander Samuel : <a href=\"https:\/\/www.gazlacrymo.fr\/2019\/12\/26\/les-gaz-lacrymogenes-sont-dangereux-pour-la-sante-des-manifestants-temoignent\/\">Reporterre<\/a>, <a href=\"https:\/\/www.gazlacrymo.fr\/2019\/12\/26\/gaz-lacrymos-cest-juste-pour-les-civils%e2%80%af\/\">Charlie Hebdo<\/a>, <a href=\"https:\/\/www.gazlacrymo.fr\/2019\/12\/26\/exposition-chronique-au-gaz-lacrymogene-lors-des-manifestations-un-reel-danger\/\">Medscape<\/a>, <a href=\"https:\/\/www.gazlacrymo.fr\/2019\/12\/26\/pourquoi-gaz-buster-biologiste-connu-pour-ses-etudes-sur-les-effets-du-gaz-lacrymogene-a-t-il-ete-arrete\/\">LCI<\/a>, <a href=\"https:\/\/www.gazlacrymo.fr\/2019\/12\/26\/pourquoi-alexander-samuel-docteur-en-biologie-qui-enquete-sur-le-gaz-lacrymo-a-t-il-ete-place-en-garde-a-vue\/\">Lib\u00e9ration<\/a>, <a href=\"https:\/\/www.gazlacrymo.fr\/2019\/12\/26\/alexander-samuel-le-prof-devenu-gaz-buster\/\">Nice-Matin<\/a>, <a href=\"https:\/\/www.gazlacrymo.fr\/2019\/12\/26\/une-etude-de-gilets-jaunes-se-penche-sur-les-effets-du-gaz-lacrymogene-sur-la-sante\/\">Nouvel Obs Etude<\/a>, <a href=\"https:\/\/www.gazlacrymo.fr\/2019\/12\/25\/gilets-jaunes-le-biologiste-qui-enquete-sur-les-gaz-lacrymogenes-arrete\/\">Sputnik News<\/a>, <a href=\"https:\/\/www.gazlacrymo.fr\/2019\/12\/25\/alexander-samuel%e2%80%89-%e2%80%89les-gaz-lacrymo-empoisonnent%e2%80%89\/\">L&rsquo;humanit\u00e9<\/a>, <a href=\"https:\/\/www.gazlacrymo.fr\/2019\/12\/25\/alexander-samuel-lhomme-qui-enquete-sur-le-gaz-lacrymogene-utilise-contre-les-gilets-jaunes\/\">Nouvel Obs<\/a>, <a href=\"https:\/\/www.gazlacrymo.fr\/2019\/12\/26\/la-derive-securitaire\/\">La marseillaise<\/a>, <a href=\"https:\/\/www.gazlacrymo.fr\/2019\/12\/24\/cvxvx\/\">France Culture<\/a><\/p>\n\n\n\n<p class=\"has-text-align-left\">Ha\u00efti : <a href=\"http:\/\/www.gazlacrymo.fr\/2019\/06\/24\/dangers-pour-la-sante-la-pnh-devrait-elle-bannir-le-gaz-lacrymogene\/\">PNH<\/a><\/p>\n\n\n\n<p class=\"has-text-align-left\">Alg\u00e9rie : <a href=\"http:\/\/www.gazlacrymo.fr\/2019\/06\/24\/bfm-parle-du-gaz-lacrymo-en-algerie\/\">BFM<\/a> <\/p>\n\n\n\n<p class=\"has-text-align-left\">Burkinab\u00e9 : <a href=\"http:\/\/www.gazlacrymo.fr\/2019\/06\/25\/les-bombes-lacrymogenes-utilisees-par-les-forces-de-lordre-burkinabe-interdites-par-le-protocole-de-geneve\/\">226infos<\/a><\/p>\n\n\n\n<p class=\"has-text-align-left\">Allemagne : <a href=\"http:\/\/www.gazlacrymo.fr\/2019\/06\/24\/celui-qui-deploie-du-cs-est-conscient-quil-peut-tuer\/\">Scandale sanitaire de 1986<\/a>, <a href=\"http:\/\/www.gazlacrymo.fr\/2019\/07\/23\/polizei-setzt-tranengas-gegen-demonstranten-ein\/\">avis sur la France<\/a><\/p>\n\n\n\n<p class=\"has-text-align-left\">USA : <a href=\"http:\/\/www.gazlacrymo.fr\/2019\/06\/24\/manifestations-au-whitney-contre-un-membre-du-conseil-dadministration-dont-lentreprise-vend-du-gaz-lacrymogene\/\">manifestations<\/a>, <a href=\"http:\/\/www.gazlacrymo.fr\/2019\/06\/24\/protests-at-the-whitney-over-a-board-member-whose-company-sells-tear-gas\/\">anti lacrymos (eng)<\/a>, <a href=\"http:\/\/www.gazlacrymo.fr\/2019\/06\/25\/oups-pendant-un-entrainement-cs-des-etudiants-etaient-a-cote\/\">accident (eng)<\/a>, <a href=\"http:\/\/www.gazlacrymo.fr\/2019\/06\/25\/comment-le-cs-affecte-votre-corps\/\">infos techniques (eng)<\/a>, <a href=\"http:\/\/www.gazlacrymo.fr\/2019\/06\/25\/gaz-lacrymogene-et-sante-2\/\">infos sant\u00e9 (eng)<\/a> , <a href=\"http:\/\/www.gazlacrymo.fr\/2019\/06\/25\/petite-serie-de-videos-dentrainement-militaire-au-cs\/\">militaires (eng)<\/a>, <a href=\"http:\/\/www.gazlacrymo.fr\/2019\/06\/24\/tear-gas-in-law-enforcement-historique-1962\/\"><\/a><a href=\"http:\/\/www.gazlacrymo.fr\/2019\/06\/24\/tear-gas-in-law-enforcement-historique-1962\/\">vid\u00e9o de 1962 (eng) <\/a>, <a href=\"http:\/\/www.gazlacrymo.fr\/2019\/06\/25\/cnn-migrants-mexicains-gazes-au-cs\/\">mexicains gaz\u00e9s (eng)<\/a>, <a href=\"http:\/\/www.gazlacrymo.fr\/2019\/06\/24\/usa-migrants-gazes-au-cs\/\">migrants gaz\u00e9s (eng)<\/a>, <a href=\"http:\/\/www.gazlacrymo.fr\/2019\/06\/24\/usa-mexican-border\/\">fronti\u00e8re mexicaine (eng) <\/a>, <a href=\"http:\/\/www.gazlacrymo.fr\/2019\/06\/26\/non-lethal-weapons-market-by-end-user-military-law-enforcement-product-type-direct-contact-weapons-directed-energy-weapons-technology-electromagnetic-mechanical-kinetic-chemical\/\">March\u00e9 (eng)<\/a><\/p>\n\n\n\n<p class=\"has-text-align-left\">Egypte : <a href=\"http:\/\/www.gazlacrymo.fr\/2019\/06\/24\/corporate-watch-suivi-de-la-complicite-des-entreprises-dans-loccupation-de-la-palestine\/\">Corporate Watch<\/a>, <a href=\"http:\/\/www.gazlacrymo.fr\/2019\/07\/07\/documentaire-made-in-usa\/\">REPORTAGE A REGARDER ABSOLUMENT<\/a><\/p>\n\n\n\n<p class=\"has-text-align-left\">Palestine : <a href=\"http:\/\/www.gazlacrymo.fr\/2019\/06\/24\/corporate-watch-suivi-de-la-complicite-des-entreprises-dans-loccupation-de-la-palestine\/\">Corporate Watch<\/a>, <a href=\"http:\/\/www.gazlacrymo.fr\/2019\/06\/24\/encore-plus-de-morts-et-de-blesses-dus-au-gaz-lacrymogene-americain-en-palestine-au-moyen-orient-et-a-oakland\/\">Morts<\/a>, <a href=\"http:\/\/www.gazlacrymo.fr\/2019\/06\/25\/police-israelienne\/\">police isra\u00e9lienne (eng)<\/a>, <a href=\"http:\/\/www.gazlacrymo.fr\/2019\/06\/24\/palestinian-woman-dies-after-inhaling-tear-gas-medic-says\/\">mort (eng)<\/a>, <a href=\"http:\/\/www.gazlacrymo.fr\/2019\/06\/25\/un-bebe-mort-a-cause-du-gaz-cs\/\">b\u00e9b\u00e9 mort<\/a>, <a href=\"http:\/\/www.gazlacrymo.fr\/2019\/06\/26\/israels-use-of-tear-gas-scrutinized\/\">Isra\u00ebl (eng)<\/a>, <a href=\"https:\/\/www.law.berkeley.edu\/wp-content\/uploads\/2017\/12\/NoSafeSpace_full_report22Dec2017.pdf\">Rapport Droits de l&rsquo;Homme (eng)<\/a><\/p>\n\n\n\n<p class=\"has-text-align-left\">Irelande : <a href=\"http:\/\/www.gazlacrymo.fr\/2019\/06\/24\/driven-to-tears-grande-bretagne-cs-tear-gas-et-protocole-de-geneve-1969-1975\/\">Bloody Sunday<\/a>, <a href=\"http:\/\/www.gazlacrymo.fr\/2019\/06\/24\/use-of-cs-gas-in-ulster-made-thatcher-reluctant-to-press-for-iraq-ban\/\">Thatcher a honte (eng)<\/a>, <a href=\"http:\/\/www.gazlacrymo.fr\/2019\/06\/24\/the-science-of-making-cs-gas-safe\/\">Bogside (eng)<\/a>, <a href=\"http:\/\/www.gazlacrymo.fr\/2019\/06\/24\/how-a-protest-about-internment-in-northern-ireland-led-to-bloody-sunday\/\">Bloody Sunday 2 (eng)<\/a><\/p>\n\n\n\n<p class=\"has-text-align-left\">Royaume-Uni : <a href=\"http:\/\/www.gazlacrymo.fr\/2019\/07\/22\/i-saw-children-being-gassed-on-the-champs-elysees-last-week-police-violence-in-france-is-out-of-control\/\">avis sur la france<\/a><\/p>\n\n\n\n<p>Bosnie : <a href=\"https:\/\/ljudilazi.blogspot.com\/2018\/12\/demonstracije-uticaj-suzavca-na-zdravlje.html\">avis sur CS en France (eng)<\/a><\/p>\n\n\n\n<p class=\"has-text-align-left\">Hollande : <a href=\"http:\/\/www.gazlacrymo.fr\/2019\/06\/23\/the-gas-lets-make-it-a-what-if\/\">avis sur CS en France (eng)<\/a><\/p>\n\n\n\n<p class=\"has-text-align-left\">RSF : <a href=\"http:\/\/www.gazlacrymo.fr\/2019\/06\/23\/rsf-french-police-asked-to-respect-press-freedom-during-yellow-vest-protests\/\">violences (eng)<\/a><\/p>\n\n\n\n<p class=\"has-text-align-left\">Turquie : <a href=\"http:\/\/www.gazlacrymo.fr\/2019\/06\/25\/gazage-cs-en-turquie\/\">gazages<\/a>,  <a href=\"http:\/\/www.gazlacrymo.fr\/2019\/06\/24\/documentaire-allemand\/\">artiste<\/a> <\/p>\n\n\n\n<p class=\"has-text-align-left\">Afrique du Sud : <a href=\"http:\/\/www.gazlacrymo.fr\/2019\/06\/25\/mort-dun-enfant-a-cause-du-cs\/\">enfant mort<\/a><\/p>\n\n\n\n<p class=\"has-text-align-left\">Bahre\u00efn : <a href=\"https:\/\/phr.org\/issues\/health-under-attack\/persecution-of-health-professionals\/persecution-in-bahrain\/\">Physicians for Human Rights (eng)<\/a>, <a href=\"http:\/\/www.gazlacrymo.fr\/2019\/06\/26\/south-korea-suspends-tear-gas-exports-to-bahrain\/\">South Korea (eng)<\/a><\/p>\n\n\n\n<p class=\"has-text-align-left\">Chili : <a href=\"http:\/\/www.gazlacrymo.fr\/2019\/06\/26\/la-policia-chilena-dejara-de-usar-gases-lacrimogenos\/\">Interdiction du CS (es)<\/a>, <a href=\"https:\/\/www.gazlacrymo.fr\/2020\/09\/18\/daniel-soto-au-chili\/\">Daniel Soto<\/a><\/p>\n\n\n\n<p class=\"has-text-align-left\">Kenya : <a href=\"http:\/\/www.gazlacrymo.fr\/2019\/06\/26\/kenya-police-tear-gas-primary-school-children-in-playground-protest\/\">\u00e9cole (eng)<\/a><\/p>\n\n\n\n<p class=\"has-text-align-left\"><a href=\"https:\/\/www.opcw.org\/sites\/default\/files\/documents\/CWC\/CWC_fr.pdf\">Organisation pour l&rsquo;Interdiction des Armes Chimiques<\/a><\/p>\n","protected":false},"excerpt":{"rendered":"<p>Mail : lacrymogene@protonmail.com Tel: +33 6 01 93 20 41 Mise \u00e0 jour du dossier sur les gaz lacrymog\u00e8nes le 26\/03\/22 : T\u00e9l\u00e9charger le dossier complet ici Dossier sur le gaz lacrymog\u00e8ne OC en anglais, publi\u00e9 le 25\/09\/22. Dossier original a \u00e9t\u00e9 publi\u00e9 sur l&rsquo;Association Toxicologie-Chimie de Paris. Si vous souhaitez nous aider : https:\/\/www.lepotcommun.fr\/pot\/7mbrfzfdEgalement, &hellip; <a href=\"https:\/\/alexandersreng.duckdns.org\/lacrymo\/\" class=\"more-link\">Continuer la lecture de <span class=\"screen-reader-text\">Ce que nous faisons<\/span>  <span class=\"meta-nav\">&rarr;<\/span><\/a><\/p>\n","protected":false},"author":1,"featured_media":0,"parent":0,"menu_order":0,"comment_status":"closed","ping_status":"closed","template":"","meta":{"footnotes":""},"class_list":["post-736","page","type-page","status-publish","hentry"],"_links":{"self":[{"href":"https:\/\/alexandersreng.duckdns.org\/lacrymo\/wp-json\/wp\/v2\/pages\/736","targetHints":{"allow":["GET"]}}],"collection":[{"href":"https:\/\/alexandersreng.duckdns.org\/lacrymo\/wp-json\/wp\/v2\/pages"}],"about":[{"href":"https:\/\/alexandersreng.duckdns.org\/lacrymo\/wp-json\/wp\/v2\/types\/page"}],"author":[{"embeddable":true,"href":"https:\/\/alexandersreng.duckdns.org\/lacrymo\/wp-json\/wp\/v2\/users\/1"}],"replies":[{"embeddable":true,"href":"https:\/\/alexandersreng.duckdns.org\/lacrymo\/wp-json\/wp\/v2\/comments?post=736"}],"version-history":[{"count":0,"href":"https:\/\/alexandersreng.duckdns.org\/lacrymo\/wp-json\/wp\/v2\/pages\/736\/revisions"}],"wp:attachment":[{"href":"https:\/\/alexandersreng.duckdns.org\/lacrymo\/wp-json\/wp\/v2\/media?parent=736"}],"curies":[{"name":"wp","href":"https:\/\/api.w.org\/{rel}","templated":true}]}}